{"id":2,"date":"2024-07-06T00:59:11","date_gmt":"2024-07-06T00:59:11","guid":{"rendered":"https:\/\/riabo.cl\/?page_id=2"},"modified":"2025-04-25T15:41:14","modified_gmt":"2025-04-25T15:41:14","slug":"inicio","status":"publish","type":"page","link":"https:\/\/riabo.cl\/","title":{"rendered":"Inicio"},"content":{"rendered":"<div class=\"wpb-content-wrapper\">\n<div class=\"mk-page-section-wrapper\" data-mk-full-width=\"true\" data-mk-full-width-init=\"true\" data-mk-stretch-content=\"true\">\n\t<div id=\"Oficina\" class=\"mk-page-section self-hosted   full_layout full-width-1 js-el js-master-row jupiter-donut-    center-y\" data-mk-component=\"FullHeight\" data-fullHeight-config='{\"min\": 100}'   data-intro-effect=\"false\">\n\n\t\t\t\n\t\t\t<div class=\"mk-page-section-inner\">\n\t\t\t\t\t<div class=\"mk-video-mask\"><\/div>\n\n\n\n<div style=\"background-color:#000000;opacity:0.5;\" class=\"mk-video-color-mask\"><\/div>\n\n\t\t\t\t\n\t\t\t\t\n\t\t\t<div class=\"mk-section-preloader js-el\" data-mk-component=\"Preloader\">\n\t\t\t<div class=\"mk-section-preloader__icon\"><\/div>\n\t\t<\/div>\n\t\n\t<div class=\"background-layer-holder\">\n\t\t<div id=\"background-layer--1\" data-mk-lazyload=\"false\" class=\"background-layer mk-background-stretch none-blend-effect js-el\" data-mk-component=\"Parallax\" data-parallax-config='{\"speed\" : 0.3 }'  data-mk-img-set='{\"landscape\":{\"desktop\":\"https:\/\/riabo.cl\/wp-content\/uploads\/2024\/07\/the-office-table-6kymwqe-scaled-1.jpg\",\"tablet\":\"https:\/\/riabo.cl\/wp-content\/uploads\/2024\/07\/the-office-table-6kymwqe-scaled-1-1024x768.jpg\",\"mobile\":\"https:\/\/riabo.cl\/wp-content\/uploads\/2024\/07\/the-office-table-6kymwqe-scaled-1-736x414.jpg\"},\"responsive\":\"true\"}' >\n\t\t\t\t\t\t\t\t\t<div class=\"mk-color-layer\"><\/div>\n\t\t<\/div>\n\t<\/div>\n\n\t\t\t<\/div>\n\n\t\t\t\n        <div class=\"page-section-content vc_row-fluid page-section-fullwidth \" >\n            <div class=\"mk-padding-wrapper wpb_row\">\n<div class=\"vc_col-sm-12 wpb_column column_container  jupiter-donut- _ jupiter-donut-height-full\">\n\t\n\n<div class=\"wpb_row vc_inner vc_row vc_row-fluid jupiter-donut-   attched-false   \">\n\t\t\t<div class=\"wpb_column vc_column_container vc_col-sm-2\"><div class=\"vc_column-inner\"><div class=\"wpb_wrapper\"><\/div><\/div><\/div><div class=\"wpb_column vc_column_container vc_col-sm-8\"><div class=\"vc_column-inner\"><div class=\"wpb_wrapper\">\n<div id=\"padding-3\" class=\"mk-padding-divider jupiter-donut-  jupiter-donut-clearfix\"><\/div>\n\n\n<h2 id=\"fancy-title-4\" class=\"mk-fancy-title  simple-style jupiter-donut-  color-single\">\n\t<span>\n\t\t\t\t<p><span style=\"font-family: ace;\">Expertos penalistas para tu defensa en todas las materias<\/span><\/p>\n\t\t\t<\/span>\n<\/h2>\n<div class=\"clearboth\"><\/div>\n\n\n\n\n<div id=\"padding-5\" class=\"mk-padding-divider jupiter-donut-  jupiter-donut-clearfix\"><\/div>\n\n<\/div><\/div><\/div><div class=\"wpb_column vc_column_container vc_col-sm-2\"><div class=\"vc_column-inner\"><div class=\"wpb_wrapper\"><\/div><\/div><\/div>\t<\/div>\n\n\n<div class=\"wpb_row vc_inner vc_row vc_row-fluid jupiter-donut-   attched-false   \">\n\t\t\t<div class=\"wpb_column vc_column_container vc_col-sm-2\"><div class=\"vc_column-inner\"><div class=\"wpb_wrapper\"><\/div><\/div><\/div><div class=\"wpb_column vc_column_container vc_col-sm-8\"><div class=\"vc_column-inner\"><div class=\"wpb_wrapper\">\t<div class=\" vc_custom_1720290571478\">\n\n<div id=\"text-block-6\" class=\"mk-text-block  jupiter-donut- \">\n\n\t\n\t<div style=\"font-size: 20px; line-height: 30px; font-weight: 300; font-family: Comfortaa; color: #444444;\">\n<p style=\"text-align: center;\"><span style=\"color: #ffffff; font-family: Comfortaa; font-size: 20px;\">El servicio que prestamos se enfoca en causas penales complejas y en la elaboraci\u00f3n de programas de compliance, englobando el \u00e1mbito penal, comunicacional y estrat\u00e9gico del conflicto.<\/span><\/p>\n<p style=\"text-align: center;\"><span style=\"color: #ffffff; font-family: Comfortaa; font-size: 20px;\">El equipo combina la actividad acad\u00e9mica con la litigaci\u00f3n penal, lo que permite tener una mirada te\u00f3rica y a la vez pr\u00e1ctica.<\/span><\/p>\n<p style=\"text-align: center;\"><span style=\"color: #ffffff; font-family: Comfortaa; font-size: 20px;\">Nuestra oficina est\u00e1 en condiciones de brindar un servicio personalizado, de muy buen nivel, orientado a la soluci\u00f3n del conflicto, con pleno respeto a la ley y buenas pr\u00e1cticas profesionales.<\/span><\/p>\n<\/div>\n\n\t<div class=\"clearboth\"><\/div>\n<\/div>\n\n\t<\/div>\n<\/div><\/div><\/div><div class=\"wpb_column vc_column_container vc_col-sm-2\"><div class=\"vc_column-inner\"><div class=\"wpb_wrapper\"><\/div><\/div><\/div>\t<\/div>\n<\/div>\n<\/div>\n            <div class=\"clearboth\"><\/div>\n        <\/div>\n\n\n\t\t\t\n\t\t\t\n\t\t\t\n\t\t<div class=\"clearboth\"><\/div>\n\t<\/div>\n<\/div>\n<div class=\"vc_row-full-width vc_clearfix\"><\/div>\n\n\n<div  id=\"Contacto\" data-mk-stretch-content=\"true\" class=\"wpb_row vc_row vc_row-fluid jupiter-donut- mk-fullwidth-false  attched-false     js-master-row  mk-grid\">\n\t\t\t\t\n<div class=\"vc_col-sm-2 wpb_column column_container  jupiter-donut- _ jupiter-donut-height-full\">\n\t<\/div>\n\n<div class=\"vc_col-sm-8 wpb_column column_container  jupiter-donut- _ jupiter-donut-height-full\">\n\t\n<h2 id=\"fancy-title-9\" class=\"mk-fancy-title  mk-animate-element fade-in  simple-style jupiter-donut-  color-single\">\n\t<span>\n\t\t\t\t<p><span style=\"font-family: ace;\">contacto<\/span><\/p>\n\t\t\t<\/span>\n<\/h2>\n<div class=\"clearboth\"><\/div>\n\n\n\n\n<div class=\"mk-contact-form-wrapper s_contact outline-style s_outline contact-dark dark \">\n\t<form id=\"mk-contact-form-10\" class=\"mk-contact-form jupiter-donut-clearfix\" method=\"post\" novalidate=\"novalidate\" enctype=\"multipart\/form-data\">\n\t\t<div class=\"mk-form-row one-third\">\n\t\t<input placeholder=\"Your Name\" type=\"text\" required=\"required\" name=\"name\" class=\"text-input s_txt-input\" value=\"\" tabindex=\"60\" \/>\n<\/div>\n<div class=\"mk-form-row one-third\">\n\t\t\n\t<input placeholder=\"Your Phone Number\" class=\"text-input s_txt-input\" type=\"text\" name=\"phone\" value=\"\" tabindex=\"61\" \/>\n<\/div>\n<div class=\"mk-form-row one-third\">\n\t\t\n\t<input placeholder=\"Your Email\" class=\"text-input s_txt-input\" type=\"email\" data-type=\"email\" required=\"required\" name=\"email\" value=\"\" tabindex=\"62\" \/>\n<\/div><div class=\"mk-form-row\">\n\t\t\n\t<textarea required=\"required\" placeholder=\"Your Message\" class=\"mk-textarea s_txt-input\" name=\"content\" tabindex=\"63\"><\/textarea>\n<\/div><div class=\"mk-form-row\" style=\"float:left;\">\n    <button class=\"mk-progress-button contact-outline-submit outline-btn-dark\" data-style=\"move-up\" tabindex=\"64\">\n        <span class=\"mk-progress-button-content\">\n            Submit        <\/span>\n        <span class=\"mk-progress\">\n            <span class=\"mk-progress-inner\"><\/span>\n        <\/span>\n\n        <span class=\"state-success\">\n            <svg  class=\"mk-svg-icon\" data-name=\"mk-moon-checkmark\" data-cacheid=\"icon-69dd8001bbfc7\" style=\" height:16px; width: 16px; \"  xmlns=\"http:\/\/www.w3.org\/2000\/svg\" viewBox=\"0 0 512 512\"><path d=\"M432 64l-240 240-112-112-80 80 192 192 320-320z\"\/><\/svg>        <\/span>\n\n        <span class=\"state-error\">\n            <svg  class=\"mk-svg-icon\" data-name=\"mk-moon-close\" data-cacheid=\"icon-69dd8001bc343\" style=\" height:16px; width: 16px; \"  xmlns=\"http:\/\/www.w3.org\/2000\/svg\" viewBox=\"0 0 512 512\"><path d=\"M507.331 411.33l-.006-.005-155.322-155.325 155.322-155.325.006-.005c1.672-1.673 2.881-3.627 3.656-5.708 2.123-5.688.912-12.341-3.662-16.915l-73.373-73.373c-4.574-4.573-11.225-5.783-16.914-3.66-2.08.775-4.035 1.984-5.709 3.655l-.004.005-155.324 155.326-155.324-155.325-.005-.005c-1.673-1.671-3.627-2.88-5.707-3.655-5.69-2.124-12.341-.913-16.915 3.66l-73.374 73.374c-4.574 4.574-5.784 11.226-3.661 16.914.776 2.08 1.985 4.036 3.656 5.708l.005.005 155.325 155.324-155.325 155.326-.004.005c-1.671 1.673-2.88 3.627-3.657 5.707-2.124 5.688-.913 12.341 3.661 16.915l73.374 73.373c4.575 4.574 11.226 5.784 16.915 3.661 2.08-.776 4.035-1.985 5.708-3.656l.005-.005 155.324-155.325 155.324 155.325.006.004c1.674 1.672 3.627 2.881 5.707 3.657 5.689 2.123 12.342.913 16.914-3.661l73.373-73.374c4.574-4.574 5.785-11.227 3.662-16.915-.776-2.08-1.985-4.034-3.657-5.707z\"\/><\/svg>        <\/span>\n\n    <\/button>\n<\/div>\n<input type=\"hidden\" id=\"security\" name=\"security\" value=\"80620d897d\" \/><input type=\"hidden\" name=\"_wp_http_referer\" value=\"\/index.php\/wp-json\/wp\/v2\/pages\/2\" \/><input type=\"hidden\" id=\"sh_id\" name=\"sh_id\" value=\"65\"><input type=\"hidden\" id=\"p_id\" name=\"p_id\" value=\"2\">\t<div class=\"contact-form-message jupiter-donut-clearfix\"><\/div>\n\t<\/form>\n<\/div>\n\n\n<div id=\"box-icon-11\" class=\"mk-box-icon  jupiter-donut- boxed-style   jupiter-donut-clearfix\">\n\n    <div class=\"icon-box-boxed top\">\n\n\t<i class=\"mk-main-ico \"><svg  class=\"mk-svg-icon\" data-name=\"mk-moon-office\" data-cacheid=\"icon-69dd8001bccb5\" xmlns=\"http:\/\/www.w3.org\/2000\/svg\" viewBox=\"0 0 512 512\"><path d=\"M0 512h256v-512h-256v512zm160-448h64v64h-64v-64zm0 128h64v64h-64v-64zm0 128h64v64h-64v-64zm-128-256h64v64h-64v-64zm0 128h64v64h-64v-64zm0 128h64v64h-64v-64zm256-160h224v32h-224zm0 352h64v-128h96v128h64v-288h-224z\"\/><\/svg><\/i><h4 class=\"icon-box-title\">\n     Oficina<\/h4>\n\n\n<p class=\"p4\"><span style=\"font-family: Comfortaa;\">Alonso de C\u00f3rdova 3827,<\/span><br \/>\n<span style=\"font-family: Comfortaa;\">Oficina 501, Vitacura.<\/span><br \/>\n<span style=\"font-family: Comfortaa;\">Tel\u00e9fono: (+56 2) 3323 5540<\/span><\/p>\n\n\t<div class=\"clearboth\"><\/div>\n<\/div>\n\n\n\n    <div class=\"clearboth\"><\/div>\n<\/div>\n\n\n\n\n<\/div>\n\n<div class=\"vc_col-sm-2 wpb_column column_container  jupiter-donut- _ jupiter-donut-height-full\">\n\t<\/div>\n\t<\/div>\n\n<\/div>","protected":false},"excerpt":{"rendered":"Expertos penalistas para tu defensa en todas las materias El servicio que prestamos se enfoca en causas penales complejas y en la elaboraci\u00f3n de programas de compliance, englobando el \u00e1mbito penal, comunicacional y estrat\u00e9gico del conflicto. El equipo combina la actividad acad\u00e9mica con la litigaci\u00f3n penal, lo que permite tener una mirada te\u00f3rica y a [...]","protected":false},"author":1,"featured_media":0,"parent":0,"menu_order":0,"comment_status":"closed","ping_status":"open","template":"","meta":{"footnotes":""},"class_list":["post-2","page","type-page","status-publish","hentry"],"_links":{"self":[{"href":"https:\/\/riabo.cl\/index.php\/wp-json\/wp\/v2\/pages\/2","targetHints":{"allow":["GET"]}}],"collection":[{"href":"https:\/\/riabo.cl\/index.php\/wp-json\/wp\/v2\/pages"}],"about":[{"href":"https:\/\/riabo.cl\/index.php\/wp-json\/wp\/v2\/types\/page"}],"author":[{"embeddable":true,"href":"https:\/\/riabo.cl\/index.php\/wp-json\/wp\/v2\/users\/1"}],"replies":[{"embeddable":true,"href":"https:\/\/riabo.cl\/index.php\/wp-json\/wp\/v2\/comments?post=2"}],"version-history":[{"count":53,"href":"https:\/\/riabo.cl\/index.php\/wp-json\/wp\/v2\/pages\/2\/revisions"}],"predecessor-version":[{"id":102,"href":"https:\/\/riabo.cl\/index.php\/wp-json\/wp\/v2\/pages\/2\/revisions\/102"}],"wp:attachment":[{"href":"https:\/\/riabo.cl\/index.php\/wp-json\/wp\/v2\/media?parent=2"}],"curies":[{"name":"wp","href":"https:\/\/api.w.org\/{rel}","templated":true}]}}